{"id":745,"date":"2015-10-16T02:06:07","date_gmt":"2015-10-16T02:06:07","guid":{"rendered":"https:\/\/legohomeconstruction.com\/?page_id=745"},"modified":"2025-02-07T20:01:00","modified_gmt":"2025-02-07T20:01:00","slug":"home-5","status":"publish","type":"page","link":"https:\/\/legohomeconstruction.com\/tr\/","title":{"rendered":"Ana Sayfa"},"content":{"rendered":"<div class=\"wpb-content-wrapper\"><p>[vc_row parallax_style=&#8221;none&#8221; parallax_scroll_effect=&#8221;fixed&#8221; el_class=&#8221;margin-bottom-100&#8243;][vc_column][rev_slider_vc alias=&#8221;home-5-11&#8243;][\/vc_column][\/vc_row][vc_row layout=&#8221;boxed&#8221; parallax_style=&#8221;none&#8221; parallax_scroll_effect=&#8221;fixed&#8221;][vc_column]\t\t\t<div\n\t\t\t\tclass=\"darna-heading style1 margin-bottom-40\" >\n\t\t\t\t\t\t\t\t\t<h2>LEGO HOME<\/h2>\n\t\t\t\t\t\t\t\t\t\t\t\t\t<p>Sekt\u00f6r\u00fcn Yeni Y\u00fckseleni<\/p>\n\t\t\t\t\t\t\t<\/div>\n\t\t\t[\/vc_column][\/vc_row][vc_row layout=&#8221;boxed&#8221; parallax_style=&#8221;none&#8221; parallax_scroll_effect=&#8221;fixed&#8221; el_class=&#8221;margin-bottom-100&#8243;][vc_column width=&#8221;1\/2&#8243; el_class=&#8221;col-md-6 col-sm-12 sm-margin-bottom-30&#8243;][vc_single_image image=&#8221;1552&#8243; img_size=&#8221;full&#8221; alignment=&#8221;center&#8221;][\/vc_column][vc_column width=&#8221;1\/2&#8243; el_class=&#8221;col-md-6 col-sm-12&#8243;][vc_column_text]<span style=\"color: #000000;\">Lego Home Construction \u0130n\u015faat sekt\u00f6r\u00fcne projeleriyle y\u00f6n vermi\u015f, profesyonel ekip ve ekipman\u0131 ile gelece\u011fi g\u00fcvenle in\u015fa etmeyi ba\u015farm\u0131\u015ft\u0131r. Y\u0131llar s\u00fcren hizmet ser\u00fcvenine s\u00fcrekli yeni projeler ekleyerek her ge\u00e7en g\u00fcn b\u00fcy\u00fcyen \u015firketimiz&#8230;<br \/>\n<a href=\"\/hakkimizda\">Hakk\u0131m\u0131zda >>><\/a><\/span>[\/vc_column_text][vc_empty_space height=&#8221;10&#8243;][vc_empty_space height=&#8221;10&#8243;][vc_row_inner el_class=&#8221;column-equal-height&#8221;][vc_column_inner el_class=&#8221;col-md-6 col-sm-12&#8243; width=&#8221;1\/2&#8243; css=&#8221;.vc_custom_1444874017851{margin-top: 20px !important;margin-bottom: 20px !important;}&#8221;]\t\t\t<div\n\t\t\t\tclass=\"darna-icon-box style6 \" >\n\t\t\t\t<a class=\"ibox-icon\" title=\"\"\n\t\t\t\t   target=\"_self\" href=\"#\">\n\t\t\t\t\t\t\t\t\t\t\t<i class=\"flaticon-cube10\"><\/i>\n\t\t\t\t\t\t\t\t\t<\/a>\n\t\t\t\t\t\t\t\t\t<h3><a title=\"\" target=\"_self\"\n\t\t\t\t\t       href=\"#\">\u00d6ZG\u00dcN<\/a><\/h3>\n\t\t\t\t\t\t\t\t\t<p>Her \u00e7izgisinde \u0130mzam\u0131z\u0131 ta\u015f\u0131yan mimari projeler<\/p>\n\t\t\t\t\t\t\t<\/div>\n\t\t\t[\/vc_column_inner][vc_column_inner el_class=&#8221;col-md-6 col-sm-12&#8243; width=&#8221;1\/2&#8243; css=&#8221;.vc_custom_1444874034547{margin-top: 20px !important;margin-bottom: 20px !important;}&#8221;]\t\t\t<div\n\t\t\t\tclass=\"darna-icon-box style6 \" >\n\t\t\t\t<a class=\"ibox-icon\" title=\"\"\n\t\t\t\t   target=\"_self\" href=\"#\">\n\t\t\t\t\t\t\t\t\t\t\t<i class=\"flaticon-cube10\"><\/i>\n\t\t\t\t\t\t\t\t\t<\/a>\n\t\t\t\t\t\t\t\t\t<h3><a title=\"\" target=\"_self\"\n\t\t\t\t\t       href=\"#\">ESTET\u0130K<\/a><\/h3>\n\t\t\t\t\t\t\t\t\t<p>Sadece yap\u0131 de\u011fil, ya\u015fam alan\u0131 in\u015fa ediyoruz.<\/p>\n\t\t\t\t\t\t\t<\/div>\n\t\t\t[\/vc_column_inner][vc_column_inner el_class=&#8221;col-md-6 col-sm-12&#8243; width=&#8221;1\/2&#8243; css=&#8221;.vc_custom_1444874043505{margin-top: 20px !important;margin-bottom: 20px !important;}&#8221;]\t\t\t<div\n\t\t\t\tclass=\"darna-icon-box style6 \" >\n\t\t\t\t<a class=\"ibox-icon\" title=\"\"\n\t\t\t\t   target=\"_self\" href=\"#\">\n\t\t\t\t\t\t\t\t\t\t\t<i class=\"flaticon-tower11\"><\/i>\n\t\t\t\t\t\t\t\t\t<\/a>\n\t\t\t\t\t\t\t\t\t<h3><a title=\"\" target=\"_self\"\n\t\t\t\t\t       href=\"#\">G\u00dcVEN\u0130L\u0130R<\/a><\/h3>\n\t\t\t\t\t\t\t\t\t<p>Gelece\u011fi in\u015fa ederken ince \u00e7izgimiz; ''G\u00fcvenilir Yap\u0131lar''<\/p>\n\t\t\t\t\t\t\t<\/div>\n\t\t\t[\/vc_column_inner][vc_column_inner el_class=&#8221;col-md-6 col-sm-12&#8243; width=&#8221;1\/2&#8243; css=&#8221;.vc_custom_1444874052441{margin-top: 20px !important;margin-bottom: 20px !important;}&#8221;]\t\t\t<div\n\t\t\t\tclass=\"darna-icon-box style6 \" >\n\t\t\t\t<a class=\"ibox-icon\" title=\"\"\n\t\t\t\t   target=\"_self\" href=\"#\">\n\t\t\t\t\t\t\t\t\t\t\t<i class=\"flaticon-paint49\"><\/i>\n\t\t\t\t\t\t\t\t\t<\/a>\n\t\t\t\t\t\t\t\t\t<h3><a title=\"\" target=\"_self\"\n\t\t\t\t\t       href=\"#\">+1 DE\u011eER<\/a><\/h3>\n\t\t\t\t\t\t\t\t\t<p>Her a\u015famada de\u011fer katan projelendirme.<\/p>\n\t\t\t\t\t\t\t<\/div>\n\t\t\t[\/vc_column_inner][\/vc_row_inner][\/vc_column][\/vc_row][vc_row parallax_style=&#8221;none&#8221; parallax_scroll_effect=&#8221;fixed&#8221; css=&#8221;.vc_custom_1738957151579{background-image: url(https:\/\/legohomeconstruction.com\/wp-content\/uploads\/2025\/02\/ort.jpg?id=1546) !important;background-position: center !important;background-repeat: no-repeat !important;background-size: cover !important;}&#8221; el_class=&#8221;margin-bottom-100&#8243;][vc_column][vc_empty_space height=&#8221;10&#8243;][vc_empty_space height=&#8221;10&#8243;][vc_empty_space height=&#8221;10&#8243;]\t\t\t<div\n\t\t\t\tclass=\"darna-heading style2 margin-bottom-30 sm-margin-bottom-15\" >\n\t\t\t\t\t\t\t\t\t<h2>NEDEN LEGO HOME?<\/h2>\n\t\t\t\t\t\t\t\t\t\t\t\t\t<p>Bizi Tercih Etmeniz \u0130\u00e7in Sebepler<\/p>\n\t\t\t\t\t\t\t<\/div>\n\t\t\t[vc_empty_space height=&#8221;10&#8243;][\/vc_column][vc_column][vc_row_inner layout=&#8221;boxed&#8221; parallax_style=&#8221;none&#8221; parallax_scroll_effect=&#8221;fixed&#8221;][vc_column_inner el_class=&#8221;col-md-3 col-sm-6 col-xs-12&#8243; width=&#8221;1\/4&#8243;][vc_single_image image=&#8221;1540&#8243; img_size=&#8221;full&#8221; alignment=&#8221;center&#8221;][vc_empty_space height=&#8221;10&#8243;][vc_empty_space height=&#8221;10&#8243;][vc_column_text]<\/p>\n<p style=\"text-align: center;\"><span style=\"color: #ffffff;\"><strong>Kaliteli \u0130\u015f\u00e7ilik<\/strong><\/span><\/p>\n<p>[\/vc_column_text][vc_empty_space height=&#8221;10&#8243;][\/vc_column_inner][vc_column_inner el_class=&#8221;col-md-3 col-sm-6 col-xs-12&#8243; width=&#8221;1\/4&#8243;][vc_single_image image=&#8221;1542&#8243; img_size=&#8221;full&#8221; alignment=&#8221;center&#8221;][vc_empty_space height=&#8221;10&#8243;][vc_empty_space height=&#8221;10&#8243;][vc_column_text]<\/p>\n<p style=\"text-align: center;\"><span style=\"color: #ffffff;\"><strong>Kaliteli Malzeme<\/strong><\/span><\/p>\n<p>[\/vc_column_text][vc_empty_space height=&#8221;10&#8243;][\/vc_column_inner][vc_column_inner el_class=&#8221;col-md-3 col-sm-6 col-xs-12&#8243; width=&#8221;1\/4&#8243;][vc_single_image image=&#8221;1543&#8243; img_size=&#8221;full&#8221; alignment=&#8221;center&#8221;][vc_empty_space height=&#8221;10&#8243;][vc_empty_space height=&#8221;10&#8243;][vc_column_text]<\/p>\n<p style=\"text-align: center;\"><span style=\"color: #ffffff;\"><strong>Zaman\u0131nda Teslimat<\/strong><\/span><\/p>\n<p>[\/vc_column_text][vc_empty_space height=&#8221;10&#8243;][\/vc_column_inner][vc_column_inner el_class=&#8221;col-md-3 col-sm-6 col-xs-12&#8243; width=&#8221;1\/4&#8243;][vc_single_image image=&#8221;1541&#8243; img_size=&#8221;full&#8221; alignment=&#8221;center&#8221;][vc_empty_space height=&#8221;10&#8243;][vc_empty_space height=&#8221;10&#8243;][vc_column_text]<\/p>\n<p style=\"text-align: center;\"><span style=\"color: #ffffff;\"><strong>Konsept Projeler<\/strong><\/span><\/p>\n<p>[\/vc_column_text][vc_empty_space height=&#8221;10&#8243;][\/vc_column_inner][\/vc_row_inner][\/vc_column][vc_column][vc_empty_space height=&#8221;10&#8243;][vc_separator color=&#8221;white&#8221;][vc_empty_space height=&#8221;10&#8243;][vc_empty_space height=&#8221;10&#8243;][\/vc_column][\/vc_row][vc_row layout=&#8221;boxed&#8221; el_class=&#8221;margin-bottom-100&#8243;][vc_column]\t\t\t<div\n\t\t\t\tclass=\"darna-heading style1 margin-bottom-30 sm-margin-bottom-15\" >\n\t\t\t\t\t\t\t\t\t<h2>H\u0130ZMETLER\u0130M\u0130Z<\/h2>\n\t\t\t\t\t\t\t\t\t\t\t\t\t<p>S\u0130Z\u0130N \u0130\u00c7\u0130N NELER SUNUYORUZ<\/p>\n\t\t\t\t\t\t\t<\/div>\n\t\t\t[vc_empty_space height=&#8221;10&#8243;][\/vc_column][vc_column width=&#8221;1\/3&#8243;][vc_single_image image=&#8221;1487&#8243; img_size=&#8221;full&#8221; alignment=&#8221;center&#8221; onclick=&#8221;custom_link&#8221; link=&#8221;https:\/\/legohomeconstruction.com\/anahtar-teslim-insaat\/&#8221;][vc_empty_space height=&#8221;10&#8243;][vc_column_text]<\/p>\n<h3 style=\"text-align: center;\"><span style=\"color: #3366ff;\"><a style=\"color: #3366ff;\" href=\"https:\/\/legohomeconstruction.com\/hizmetlerimiz\/\"><strong>YAPI \u0130N\u015eAAT<\/strong><\/a><\/span><\/h3>\n<p>[\/vc_column_text][vc_column_text]<span style=\"color: #000000;\">Anahtar teslim apartman, site, villa, ofis in\u015faat\u0131, bungalov evleri yap\u0131m\u0131 ve kat veya arsa kar\u015f\u0131l\u0131\u011f\u0131 in\u015faat projelerde 40 y\u0131ll\u0131k g\u00fcvenin ad\u0131 olan Dumanlar \u0130n\u015faat hizmetinizdedir\u2026<\/span>[\/vc_column_text][vc_empty_space height=&#8221;10&#8243;][\/vc_column][vc_column width=&#8221;1\/3&#8243;][vc_single_image image=&#8221;1488&#8243; img_size=&#8221;full&#8221; alignment=&#8221;center&#8221; onclick=&#8221;custom_link&#8221; link=&#8221;https:\/\/legohomeconstruction.com\/tadilat-dekorasyon\/&#8221;][vc_empty_space height=&#8221;10&#8243;][vc_column_text]<\/p>\n<h3 style=\"text-align: center;\"><span style=\"color: #3366ff;\"><a style=\"color: #3366ff;\" href=\"https:\/\/legohomeconstruction.com\/hizmetlerimiz\"><strong>\u0130\u00c7 M\u0130MARLIK<\/strong><\/a><\/span><\/h3>\n<p>[\/vc_column_text][vc_column_text]<span style=\"color: #000000;\">\u0130\u00e7 mimari hizmetlerimiz ile ya\u015fam alan\u0131n\u0131za de\u011fer katacak estetik dokunu\u015flar yap\u0131yor, daha ya\u015fanabilir, hayat\u0131n\u0131z\u0131 kolayla\u015ft\u0131racak mimari projelerimizle de\u011fer kat\u0131yoruz\u2026<\/span>[\/vc_column_text][vc_empty_space height=&#8221;10&#8243;][\/vc_column][vc_column width=&#8221;1\/3&#8243;][vc_single_image image=&#8221;1486&#8243; img_size=&#8221;full&#8221; alignment=&#8221;center&#8221; onclick=&#8221;custom_link&#8221; link=&#8221;https:\/\/legohomeconstruction.com\/tadilat-dekorasyon\/&#8221;][vc_empty_space height=&#8221;10&#8243;][vc_column_text]<\/p>\n<h3 style=\"text-align: center;\"><span style=\"color: #3366ff;\"><a style=\"color: #3366ff;\" href=\"https:\/\/legohomeconstruction.com\/hizmetlerimiz\"><strong>TAD\u0130LAT<\/strong><\/a><\/span><\/h3>\n<p>[\/vc_column_text][vc_column_text]<span style=\"color: #000000;\">Profesyonel ekip ve son teknoloji ekipmanlarla, ya\u015fam alan\u0131n\u0131z\u0131 daha ya\u015fan\u0131r, daha g\u00fcvenli ve estetik g\u00f6r\u00fcn\u00fcme kavu\u015fturuyor, de\u011fer katan dokunu\u015flar sunuyoruz\u2026<\/span>[\/vc_column_text][vc_empty_space height=&#8221;10&#8243;][\/vc_column][vc_column][vc_empty_space height=&#8221;10&#8243;][\/vc_column][\/vc_row][vc_row parallax_style=&#8221;none&#8221; parallax_scroll_effect=&#8221;fixed&#8221; css=&#8221;.vc_custom_1738957161378{background-image: url(https:\/\/legohomeconstruction.com\/wp-content\/uploads\/2025\/02\/ortaalt.jpg?id=1547) !important;background-position: center !important;background-repeat: no-repeat !important;background-size: cover !important;}&#8221; el_class=&#8221;margin-bottom-100&#8243;][vc_column][vc_empty_space height=&#8221;10&#8243;][vc_empty_space height=&#8221;10&#8243;]\t\t\t<div\n\t\t\t\tclass=\"darna-heading style2 margin-bottom-30 sm-margin-bottom-15\" >\n\t\t\t\t\t\t\t\t\t<h2>NELER YAPTIK<\/h2>\n\t\t\t\t\t\t\t\t\t\t\t\t\t<p>Rakamlarla Lego Home<\/p>\n\t\t\t\t\t\t\t<\/div>\n\t\t\t[\/vc_column][vc_column][vc_row_inner layout=&#8221;boxed&#8221; parallax_style=&#8221;none&#8221; parallax_scroll_effect=&#8221;fixed&#8221;][vc_column_inner el_class=&#8221;col-md-3 col-sm-6 col-xs-12&#8243; width=&#8221;1\/4&#8243;]\t\t\t<div class=\"darna-counter \">\n\t\t\t\t\t\t\t\t\t<span class=\"display-percentage\" style=\"color: #ffffff\"\n\t\t\t\t\t\t  data-percentage=\"27\">27<\/span>\n\t\t\t\t\t\t\t\t\t\t\t<p class=\"counter-title\" style=\"color: #ffffff\">EV | V\u0130LLA<\/p>\n\t\t\t\t\t\t\t\t<\/div>\n\t\t\t[\/vc_column_inner][vc_column_inner el_class=&#8221;col-md-3 col-sm-6 col-xs-12&#8243; width=&#8221;1\/4&#8243;]\t\t\t<div class=\"darna-counter \">\n\t\t\t\t\t\t\t\t\t<span class=\"display-percentage\" style=\"color: #ffffff\"\n\t\t\t\t\t\t  data-percentage=\"12\">12<\/span>\n\t\t\t\t\t\t\t\t\t\t\t<p class=\"counter-title\" style=\"color: #ffffff\">RESM\u0130 KURUM<\/p>\n\t\t\t\t\t\t\t\t<\/div>\n\t\t\t[\/vc_column_inner][vc_column_inner el_class=&#8221;col-md-3 col-sm-6 col-xs-12&#8243; width=&#8221;1\/4&#8243;]\t\t\t<div class=\"darna-counter \">\n\t\t\t\t\t\t\t\t\t<span class=\"display-percentage\" style=\"color: #ffffff\"\n\t\t\t\t\t\t  data-percentage=\"120\">120<\/span>\n\t\t\t\t\t\t\t\t\t\t\t<p class=\"counter-title\" style=\"color: #ffffff\">TAD\u0130LAT<\/p>\n\t\t\t\t\t\t\t\t<\/div>\n\t\t\t[\/vc_column_inner][vc_column_inner el_class=&#8221;col-md-3 col-sm-6 col-xs-12&#8243; width=&#8221;1\/4&#8243;]\t\t\t<div class=\"darna-counter \">\n\t\t\t\t\t\t\t\t\t<span class=\"display-percentage\" style=\"color: #ffffff\"\n\t\t\t\t\t\t  data-percentage=\"86\">86<\/span>\n\t\t\t\t\t\t\t\t\t\t\t<p class=\"counter-title\" style=\"color: #ffffff\">PROJE<\/p>\n\t\t\t\t\t\t\t\t<\/div>\n\t\t\t[\/vc_column_inner][\/vc_row_inner][\/vc_column][\/vc_row][vc_row layout=&#8221;boxed&#8221; el_class=&#8221;margin-bottom-100&#8243;][vc_column]\t\t\t<div\n\t\t\t\tclass=\"darna-heading style1 margin-bottom-30 sm-margin-bottom-15\" >\n\t\t\t\t\t\t\t\t\t<h2>PROJELER\u0130M\u0130Z<\/h2>\n\t\t\t\t\t\t\t\t\t\t\t\t\t<p>G\u00dcN\u00dcM\u00dcZE KADAR NELER YAPTIK<\/p>\n\t\t\t\t\t\t\t<\/div>\n\t\t\t[vc_empty_space height=&#8221;10&#8243;][\/vc_column][vc_column width=&#8221;1\/3&#8243;][vc_single_image image=&#8221;1466&#8243; img_size=&#8221;full&#8221; alignment=&#8221;center&#8221; onclick=&#8221;link_image&#8221;][vc_empty_space height=&#8221;10&#8243;][vc_empty_space height=&#8221;10&#8243;][vc_single_image image=&#8221;1470&#8243; img_size=&#8221;full&#8221; alignment=&#8221;center&#8221; onclick=&#8221;link_image&#8221;][vc_empty_space height=&#8221;10&#8243;][vc_empty_space height=&#8221;10&#8243;][\/vc_column][vc_column width=&#8221;1\/3&#8243;][vc_single_image image=&#8221;1468&#8243; img_size=&#8221;full&#8221; alignment=&#8221;center&#8221; onclick=&#8221;link_image&#8221;][vc_empty_space height=&#8221;10&#8243;][vc_empty_space height=&#8221;10&#8243;][vc_single_image image=&#8221;1467&#8243; img_size=&#8221;full&#8221; alignment=&#8221;center&#8221; onclick=&#8221;link_image&#8221;][vc_empty_space height=&#8221;10&#8243;][vc_empty_space height=&#8221;10&#8243;][\/vc_column][vc_column width=&#8221;1\/3&#8243;][vc_single_image image=&#8221;1469&#8243; img_size=&#8221;full&#8221; alignment=&#8221;center&#8221; onclick=&#8221;link_image&#8221;][vc_empty_space height=&#8221;10&#8243;][vc_empty_space height=&#8221;10&#8243;][vc_single_image image=&#8221;1471&#8243; img_size=&#8221;full&#8221; alignment=&#8221;center&#8221; onclick=&#8221;link_image&#8221;][vc_empty_space height=&#8221;10&#8243;][vc_empty_space height=&#8221;10&#8243;][\/vc_column][vc_column][vc_empty_space height=&#8221;10&#8243;][\/vc_column][\/vc_row][vc_row layout=&#8221;boxed&#8221; parallax_style=&#8221;none&#8221; parallax_scroll_effect=&#8221;fixed&#8221; el_class=&#8221;margin-bottom-100&#8243;][vc_column]\t\t\t<div\n\t\t\t\tclass=\"darna-heading style1 margin-bottom-40\" >\n\t\t\t\t\t\t\t\t\t<h2>\u00c7\u00d6Z\u00dcM ORTAKLARIMIZ<\/h2>\n\t\t\t\t\t\t\t\t\t\t\t\t\t<p>ARKAMIZDAK\u0130 G\u00dc\u00c7<\/p>\n\t\t\t\t\t\t\t<\/div>\n\t\t\t[vc_row_inner][vc_column_inner el_class=&#8221;col-md-3 col-sm-6&#8243; width=&#8221;1\/4&#8243; css=&#8221;.vc_custom_1444819520130{margin-bottom: 30px !important;}&#8221;][vc_single_image image=&#8221;1148&#8243; img_size=&#8221;full&#8221; alignment=&#8221;center&#8221;][vc_single_image image=&#8221;1153&#8243; img_size=&#8221;full&#8221; alignment=&#8221;center&#8221;][\/vc_column_inner][vc_column_inner el_class=&#8221;col-md-3 col-sm-6&#8243; width=&#8221;1\/4&#8243; css=&#8221;.vc_custom_1444819526457{margin-bottom: 30px !important;}&#8221;][vc_single_image image=&#8221;1151&#8243; img_size=&#8221;full&#8221; alignment=&#8221;center&#8221;][vc_single_image image=&#8221;1146&#8243; img_size=&#8221;full&#8221; alignment=&#8221;center&#8221;][\/vc_column_inner][vc_column_inner el_class=&#8221;col-md-3 col-sm-6&#8243; width=&#8221;1\/4&#8243; css=&#8221;.vc_custom_1444819533691{margin-bottom: 30px !important;}&#8221;][vc_single_image image=&#8221;1143&#8243; img_size=&#8221;full&#8221; alignment=&#8221;center&#8221;][vc_single_image image=&#8221;1144&#8243; img_size=&#8221;full&#8221; alignment=&#8221;center&#8221;][\/vc_column_inner][vc_column_inner el_class=&#8221;col-md-3 col-sm-6&#8243; width=&#8221;1\/4&#8243; css=&#8221;.vc_custom_1444819542137{margin-bottom: 30px !important;}&#8221;][vc_single_image image=&#8221;1147&#8243; img_size=&#8221;full&#8221; alignment=&#8221;center&#8221;][vc_single_image image=&#8221;1145&#8243; img_size=&#8221;full&#8221; alignment=&#8221;center&#8221;][\/vc_column_inner][\/vc_row_inner][\/vc_column][\/vc_row]<\/p>\n<\/div>","protected":false},"excerpt":{"rendered":"<p>[vc_row parallax_style=&#8221;none&#8221; parallax_scroll_effect=&#8221;fixed&#8221; el_class=&#8221;margin-bottom-100&#8243;][vc_column][rev_slider_vc alias=&#8221;home-5-11&#8243;][\/vc_column][\/vc_row][vc_row layout=&#8221;boxed&#8221; parallax_style=&#8221;none&#8221; parallax_scroll_effect=&#8221;fixed&#8221;][vc_column][\/vc_column][\/vc_row][vc_row layout=&#8221;boxed&#8221; parallax_style=&#8221;none&#8221; parallax_scroll_effect=&#8221;fixed&#8221; el_class=&#8221;margin-bottom-100&#8243;][vc_column width=&#8221;1\/2&#8243; el_class=&#8221;col-md-6 col-sm-12 sm-margin-bottom-30&#8243;][vc_single_image image=&#8221;1552&#8243; img_size=&#8221;full&#8221; alignment=&#8221;center&#8221;][\/vc_column][vc_column width=&#8221;1\/2&#8243; el_class=&#8221;col-md-6 col-sm-12&#8243;][vc_column_text]Lego Home Construction \u0130n\u015faat sekt\u00f6r\u00fcne projeleriyle y\u00f6n vermi\u015f, profesyonel ekip ve ekipman\u0131 ile gelece\u011fi g\u00fcvenle in\u015fa etmeyi ba\u015farm\u0131\u015ft\u0131r. Y\u0131llar s\u00fcren hizmet ser\u00fcvenine s\u00fcrekli yeni projeler ekleyerek her ge\u00e7en g\u00fcn b\u00fcy\u00fcyen \u015firketimiz&#8230; Hakk\u0131m\u0131zda >>>[\/vc_column_text][vc_empty_space height=&#8221;10&#8243;][vc_empty_space [&hellip;]<\/p>\n","protected":false},"author":1,"featured_media":0,"parent":0,"menu_order":0,"comment_status":"closed","ping_status":"closed","template":"","meta":{"footnotes":""},"class_list":["post-745","page","type-page","status-publish","hentry"],"_links":{"self":[{"href":"https:\/\/legohomeconstruction.com\/tr\/wp-json\/wp\/v2\/pages\/745","targetHints":{"allow":["GET"]}}],"collection":[{"href":"https:\/\/legohomeconstruction.com\/tr\/wp-json\/wp\/v2\/pages"}],"about":[{"href":"https:\/\/legohomeconstruction.com\/tr\/wp-json\/wp\/v2\/types\/page"}],"author":[{"embeddable":true,"href":"https:\/\/legohomeconstruction.com\/tr\/wp-json\/wp\/v2\/users\/1"}],"replies":[{"embeddable":true,"href":"https:\/\/legohomeconstruction.com\/tr\/wp-json\/wp\/v2\/comments?post=745"}],"version-history":[{"count":68,"href":"https:\/\/legohomeconstruction.com\/tr\/wp-json\/wp\/v2\/pages\/745\/revisions"}],"predecessor-version":[{"id":1555,"href":"https:\/\/legohomeconstruction.com\/tr\/wp-json\/wp\/v2\/pages\/745\/revisions\/1555"}],"wp:attachment":[{"href":"https:\/\/legohomeconstruction.com\/tr\/wp-json\/wp\/v2\/media?parent=745"}],"curies":[{"name":"wp","href":"https:\/\/api.w.org\/{rel}","templated":true}]}}