{"id":1022,"date":"2024-03-02T06:44:57","date_gmt":"2024-03-02T06:44:57","guid":{"rendered":"https:\/\/legohomeconstruction.com\/?page_id=1022"},"modified":"2025-02-07T18:59:41","modified_gmt":"2025-02-07T18:59:41","slug":"hizmetlerimiz","status":"publish","type":"page","link":"https:\/\/legohomeconstruction.com\/tr\/hizmetlerimiz\/","title":{"rendered":"Hizmetlerimiz"},"content":{"rendered":"<div class=\"wpb-content-wrapper\"><p>[vc_row][vc_column width=&#8221;1\/3&#8243;][vc_text_separator title=&#8221;YAPI iN\u015eAAT&#8221; color=&#8221;peacoc&#8221;][vc_single_image image=&#8221;1487&#8243; img_size=&#8221;full&#8221; alignment=&#8221;center&#8221; onclick=&#8221;custom_link&#8221; link=&#8221;https:\/\/legohomeconstruction.com\/anahtar-teslim-insaat\/&#8221;][vc_empty_space height=&#8221;10&#8243;][vc_separator color=&#8221;peacoc&#8221; border_width=&#8221;2&#8243;][vc_empty_space height=&#8221;10&#8243;][vc_column_text]<span style=\"color: #000000;\">Anahtar teslim apartman, site, villa, ofis in\u015faat\u0131, bungalov evleri yap\u0131m\u0131 ve kat veya arsa kar\u015f\u0131l\u0131\u011f\u0131 in\u015faat projelerde 40 y\u0131ll\u0131k g\u00fcvenin ad\u0131 olan Dumanlar \u0130n\u015faat hizmetinizdedir&#8230;<\/span>[\/vc_column_text][vc_empty_space height=&#8221;10&#8243;][\/vc_column][vc_column width=&#8221;1\/3&#8243;][vc_text_separator title=&#8221;i\u00c7 MiMARLIK&#8221; color=&#8221;peacoc&#8221;][vc_single_image image=&#8221;1488&#8243; img_size=&#8221;full&#8221; alignment=&#8221;center&#8221; onclick=&#8221;custom_link&#8221; link=&#8221;https:\/\/legohomeconstruction.com\/tadilat-dekorasyon\/&#8221;][vc_empty_space height=&#8221;10&#8243;][vc_separator color=&#8221;peacoc&#8221; border_width=&#8221;2&#8243;][vc_empty_space height=&#8221;10&#8243;][vc_column_text]<span style=\"color: #000000;\">\u0130\u00e7 mimari hizmetlerimiz ile ya\u015fam alan\u0131n\u0131za de\u011fer katacak estetik dokunu\u015flar yap\u0131yor, daha ya\u015fanabilir, hayat\u0131n\u0131z\u0131 kolayla\u015ft\u0131racak mimari projelerimizle de\u011fer kat\u0131yoruz&#8230;<\/span>[\/vc_column_text][vc_empty_space height=&#8221;10&#8243;][\/vc_column][vc_column width=&#8221;1\/3&#8243;][vc_text_separator title=&#8221;TADiLAT&#8221; color=&#8221;peacoc&#8221;][vc_single_image image=&#8221;1486&#8243; img_size=&#8221;full&#8221; alignment=&#8221;center&#8221; onclick=&#8221;custom_link&#8221; link=&#8221;https:\/\/legohomeconstruction.com\/tadilat-dekorasyon\/&#8221;][vc_empty_space height=&#8221;10&#8243;][vc_separator color=&#8221;peacoc&#8221; border_width=&#8221;2&#8243;][vc_empty_space height=&#8221;10&#8243;][vc_column_text]<span style=\"color: #000000;\">Profesyonel ekip ve son teknoloji ekipmanlarla, ya\u015fam alan\u0131n\u0131z\u0131 daha ya\u015fan\u0131r, daha g\u00fcvenli ve estetik g\u00f6r\u00fcn\u00fcme kavu\u015fturuyor, de\u011fer katan dokunu\u015flar sunuyoruz&#8230;<\/span>[\/vc_column_text][vc_empty_space height=&#8221;10&#8243;][\/vc_column][\/vc_row]<\/p>\n<\/div>","protected":false},"excerpt":{"rendered":"<p>[vc_row][vc_column width=&#8221;1\/3&#8243;][vc_text_separator title=&#8221;YAPI iN\u015eAAT&#8221; color=&#8221;peacoc&#8221;][vc_single_image image=&#8221;1487&#8243; img_size=&#8221;full&#8221; alignment=&#8221;center&#8221; onclick=&#8221;custom_link&#8221; link=&#8221;https:\/\/legohomeconstruction.com\/anahtar-teslim-insaat\/&#8221;][vc_empty_space height=&#8221;10&#8243;][vc_separator color=&#8221;peacoc&#8221; border_width=&#8221;2&#8243;][vc_empty_space height=&#8221;10&#8243;][vc_column_text]Anahtar teslim apartman, site, villa, ofis in\u015faat\u0131, bungalov evleri yap\u0131m\u0131 ve kat veya arsa kar\u015f\u0131l\u0131\u011f\u0131 in\u015faat projelerde 40 y\u0131ll\u0131k g\u00fcvenin ad\u0131 olan Dumanlar \u0130n\u015faat hizmetinizdedir&#8230;[\/vc_column_text][vc_empty_space height=&#8221;10&#8243;][\/vc_column][vc_column width=&#8221;1\/3&#8243;][vc_text_separator title=&#8221;i\u00c7 MiMARLIK&#8221; color=&#8221;peacoc&#8221;][vc_single_image image=&#8221;1488&#8243; img_size=&#8221;full&#8221; alignment=&#8221;center&#8221; onclick=&#8221;custom_link&#8221; link=&#8221;https:\/\/legohomeconstruction.com\/tadilat-dekorasyon\/&#8221;][vc_empty_space height=&#8221;10&#8243;][vc_separator color=&#8221;peacoc&#8221; border_width=&#8221;2&#8243;][vc_empty_space height=&#8221;10&#8243;][vc_column_text]\u0130\u00e7 mimari hizmetlerimiz ile [&hellip;]<\/p>\n","protected":false},"author":1,"featured_media":0,"parent":0,"menu_order":0,"comment_status":"closed","ping_status":"closed","template":"","meta":{"footnotes":""},"class_list":["post-1022","page","type-page","status-publish","hentry"],"_links":{"self":[{"href":"https:\/\/legohomeconstruction.com\/tr\/wp-json\/wp\/v2\/pages\/1022","targetHints":{"allow":["GET"]}}],"collection":[{"href":"https:\/\/legohomeconstruction.com\/tr\/wp-json\/wp\/v2\/pages"}],"about":[{"href":"https:\/\/legohomeconstruction.com\/tr\/wp-json\/wp\/v2\/types\/page"}],"author":[{"embeddable":true,"href":"https:\/\/legohomeconstruction.com\/tr\/wp-json\/wp\/v2\/users\/1"}],"replies":[{"embeddable":true,"href":"https:\/\/legohomeconstruction.com\/tr\/wp-json\/wp\/v2\/comments?post=1022"}],"version-history":[{"count":14,"href":"https:\/\/legohomeconstruction.com\/tr\/wp-json\/wp\/v2\/pages\/1022\/revisions"}],"predecessor-version":[{"id":1535,"href":"https:\/\/legohomeconstruction.com\/tr\/wp-json\/wp\/v2\/pages\/1022\/revisions\/1535"}],"wp:attachment":[{"href":"https:\/\/legohomeconstruction.com\/tr\/wp-json\/wp\/v2\/media?parent=1022"}],"curies":[{"name":"wp","href":"https:\/\/api.w.org\/{rel}","templated":true}]}}