{"id":1002,"date":"2024-03-02T06:32:43","date_gmt":"2024-03-02T06:32:43","guid":{"rendered":"https:\/\/legohomeconstruction.com\/?page_id=1002"},"modified":"2025-02-07T18:23:58","modified_gmt":"2025-02-07T18:23:58","slug":"hakkimizda","status":"publish","type":"page","link":"https:\/\/legohomeconstruction.com\/tr\/hakkimizda\/","title":{"rendered":"Hakk\u0131m\u0131zda"},"content":{"rendered":"<div class=\"wpb-content-wrapper\"><p>[vc_row][vc_column][vc_column_text]<span style=\"color: #000000;\"><img loading=\"lazy\" decoding=\"async\" class=\"alignleft wp-image-1521 \" src=\"https:\/\/legohomeconstruction.com\/wp-content\/uploads\/2025\/02\/cropped-lego-favicon-300x300.png\" alt=\"\" width=\"145\" height=\"145\" srcset=\"https:\/\/legohomeconstruction.com\/wp-content\/uploads\/2025\/02\/cropped-lego-favicon-300x300.png 300w, https:\/\/legohomeconstruction.com\/wp-content\/uploads\/2025\/02\/cropped-lego-favicon-150x150.png 150w, https:\/\/legohomeconstruction.com\/wp-content\/uploads\/2025\/02\/cropped-lego-favicon-270x270.png 270w, https:\/\/legohomeconstruction.com\/wp-content\/uploads\/2025\/02\/cropped-lego-favicon-192x192.png 192w, https:\/\/legohomeconstruction.com\/wp-content\/uploads\/2025\/02\/cropped-lego-favicon-180x180.png 180w, https:\/\/legohomeconstruction.com\/wp-content\/uploads\/2025\/02\/cropped-lego-favicon-32x32.png 32w, https:\/\/legohomeconstruction.com\/wp-content\/uploads\/2025\/02\/cropped-lego-favicon.png 512w\" sizes=\"auto, (max-width: 145px) 100vw, 145px\" \/>\u0130n\u015faat sekt\u00f6r\u00fcne projeleriyle y\u00f6n vermi\u015f, profesyonel ekip ve ekipman\u0131 ile gelece\u011fi g\u00fcvenle in\u015fa etmeyi ba\u015farm\u0131\u015ft\u0131r. Y\u0131llar s\u00fcren hizmet ser\u00fcvenine s\u00fcrekli yeni projeler ekleyerek her ge\u00e7en g\u00fcn b\u00fcy\u00fcyen \u015firketimiz, say\u0131s\u0131z referans ile in\u015faat sekt\u00f6r\u00fcnde, b\u00f6lgesinin lider in\u015faat firmalar\u0131 aras\u0131nda yer almaktad\u0131r.\u00a0<\/span><\/p>\n<p><span style=\"color: #000000;\">Ya\u015fam alanlar\u0131n\u0131 in\u015fa ederken, insan hayat\u0131n\u0131n de\u011ferini bir an bile akl\u0131ndan \u00e7\u0131karmayan prensipli personeli, yap\u0131lar\u0131n\u0131z\u0131 sonraki nesillere de\u011fer kazanarak ve g\u00fcvenle b\u0131rakman\u0131z\u0131 sa\u011flamaktad\u0131r. Firmam\u0131z y\u0131llar\u0131n tecr\u00fcbesi ile halen sekt\u00f6rde varl\u0131\u011f\u0131n\u0131 s\u00fcrd\u00fcrmekte ve her ge\u00e7en g\u00fcn yeni projelere imza atmaktad\u0131r. Projelerinde\u00a0 \u00fcst\u00fcn kaliteli markalar\u0131n \u00fcr\u00fcnlerini kullanan Dumanlar \u0130n\u015faat, \u00e7al\u0131\u015fmalar\u0131n\u0131 yurt i\u00e7i ve yurt d\u0131\u015f\u0131nda, s\u0131f\u0131rdan in\u015faat, kat kar\u015f\u0131l\u0131\u011f\u0131 veya arsa kar\u015f\u0131l\u0131\u011f\u0131 in\u015faat hizmetlerinin yan\u0131 s\u0131ra, tadilat ve i\u00e7 mimari \u00e7al\u0131\u015fmalar\u0131yla da devam ettirmektedir.\u00a0<\/span>[\/vc_column_text][vc_empty_space height=&#8221;10&#8243;][vc_separator color=&#8221;violet&#8221;][\/vc_column][\/vc_row]<\/p>\n<\/div>","protected":false},"excerpt":{"rendered":"<p>[vc_row][vc_column][vc_column_text]\u0130n\u015faat sekt\u00f6r\u00fcne projeleriyle y\u00f6n vermi\u015f, profesyonel ekip ve ekipman\u0131 ile gelece\u011fi g\u00fcvenle in\u015fa etmeyi ba\u015farm\u0131\u015ft\u0131r. Y\u0131llar s\u00fcren hizmet ser\u00fcvenine s\u00fcrekli yeni projeler ekleyerek her ge\u00e7en g\u00fcn b\u00fcy\u00fcyen \u015firketimiz, say\u0131s\u0131z referans ile in\u015faat sekt\u00f6r\u00fcnde, b\u00f6lgesinin lider in\u015faat firmalar\u0131 aras\u0131nda yer almaktad\u0131r.\u00a0 Ya\u015fam alanlar\u0131n\u0131 in\u015fa ederken, insan hayat\u0131n\u0131n de\u011ferini bir an bile akl\u0131ndan \u00e7\u0131karmayan prensipli personeli, yap\u0131lar\u0131n\u0131z\u0131 [&hellip;]<\/p>\n","protected":false},"author":1,"featured_media":0,"parent":0,"menu_order":0,"comment_status":"closed","ping_status":"closed","template":"","meta":{"footnotes":""},"class_list":["post-1002","page","type-page","status-publish","hentry"],"_links":{"self":[{"href":"https:\/\/legohomeconstruction.com\/tr\/wp-json\/wp\/v2\/pages\/1002","targetHints":{"allow":["GET"]}}],"collection":[{"href":"https:\/\/legohomeconstruction.com\/tr\/wp-json\/wp\/v2\/pages"}],"about":[{"href":"https:\/\/legohomeconstruction.com\/tr\/wp-json\/wp\/v2\/types\/page"}],"author":[{"embeddable":true,"href":"https:\/\/legohomeconstruction.com\/tr\/wp-json\/wp\/v2\/users\/1"}],"replies":[{"embeddable":true,"href":"https:\/\/legohomeconstruction.com\/tr\/wp-json\/wp\/v2\/comments?post=1002"}],"version-history":[{"count":16,"href":"https:\/\/legohomeconstruction.com\/tr\/wp-json\/wp\/v2\/pages\/1002\/revisions"}],"predecessor-version":[{"id":1527,"href":"https:\/\/legohomeconstruction.com\/tr\/wp-json\/wp\/v2\/pages\/1002\/revisions\/1527"}],"wp:attachment":[{"href":"https:\/\/legohomeconstruction.com\/tr\/wp-json\/wp\/v2\/media?parent=1002"}],"curies":[{"name":"wp","href":"https:\/\/api.w.org\/{rel}","templated":true}]}}